{"id":100428,"date":"2025-02-19T23:43:07","date_gmt":"2025-02-19T23:43:07","guid":{"rendered":"https:\/\/oersted.eu\/?post_type=product&#038;p=100428"},"modified":"2025-06-13T00:41:25","modified_gmt":"2025-06-13T00:41:25","slug":"carbide-tipped-rail-cutters","status":"publish","type":"product","link":"https:\/\/oersted.eu\/de\/produkt\/carbide-tipped-rail-cutters\/","title":{"rendered":"HARTMETALLBESCH\u00c4FTIGTE SCHIENENSCHNEIDER"},"content":{"rendered":"<p>[et_pb_section fb_built=&#8221;1&#8243; _builder_version=&#8221;4.16&#8243; custom_padding=&#8221;0px||||false|false&#8221; global_colors_info=&#8221;{}&#8221;][et_pb_row _builder_version=&#8221;4.16&#8243; background_size=&#8221;initial&#8221; background_position=&#8221;top_left&#8221; background_repeat=&#8221;repeat&#8221; width=&#8221;100%&#8221; custom_padding=&#8221;0px||0px||false|false&#8221; global_colors_info=&#8221;{}&#8221;][et_pb_column type=&#8221;4_4&#8243; _builder_version=&#8221;4.16&#8243; custom_padding=&#8221;|||&#8221; global_colors_info=&#8221;{}&#8221; custom_padding__hover=&#8221;|||&#8221;][et_pb_wc_breadcrumb _builder_version=&#8221;4.16&#8243; global_colors_info=&#8221;{}&#8221;][\/et_pb_wc_breadcrumb][et_pb_wc_cart_notice _builder_version=&#8221;4.16&#8243; global_colors_info=&#8221;{}&#8221;][\/et_pb_wc_cart_notice][\/et_pb_column][\/et_pb_row][et_pb_row column_structure=&#8221;1_2,1_2&#8243; _builder_version=&#8221;4.16&#8243; background_size=&#8221;initial&#8221; background_position=&#8221;top_left&#8221; background_repeat=&#8221;repeat&#8221; width=&#8221;100%&#8221; custom_padding=&#8221;0px||||false|false&#8221; global_colors_info=&#8221;{}&#8221;][et_pb_column type=&#8221;1_2&#8243; _builder_version=&#8221;4.16&#8243; custom_padding=&#8221;|||&#8221; global_colors_info=&#8221;{}&#8221; custom_padding__hover=&#8221;|||&#8221;][et_pb_wc_images _builder_version=&#8221;4.16&#8243; global_colors_info=&#8221;{}&#8221;][\/et_pb_wc_images][\/et_pb_column][et_pb_column type=&#8221;1_2&#8243; _builder_version=&#8221;4.16&#8243; custom_padding=&#8221;|||&#8221; global_colors_info=&#8221;{}&#8221; custom_padding__hover=&#8221;|||&#8221;][et_pb_wc_title _builder_version=&#8221;4.16&#8243; global_colors_info=&#8221;{}&#8221;][\/et_pb_wc_title][et_pb_wc_rating _builder_version=&#8221;4.16&#8243; global_colors_info=&#8221;{}&#8221;][\/et_pb_wc_rating][et_pb_wc_price _builder_version=&#8221;4.16&#8243; global_colors_info=&#8221;{}&#8221;][\/et_pb_wc_price][et_pb_wc_description _builder_version=&#8221;4.16&#8243; global_colors_info=&#8221;{}&#8221;][\/et_pb_wc_description][et_pb_wc_add_to_cart _builder_version=&#8221;4.16&#8243; global_colors_info=&#8221;{}&#8221;][\/et_pb_wc_add_to_cart][et_pb_wc_meta _builder_version=&#8221;4.16&#8243; global_colors_info=&#8221;{}&#8221;][\/et_pb_wc_meta][\/et_pb_column][\/et_pb_row][et_pb_row _builder_version=&#8221;4.16&#8243; background_size=&#8221;initial&#8221; background_position=&#8221;top_left&#8221; background_repeat=&#8221;repeat&#8221; width=&#8221;100%&#8221; global_colors_info=&#8221;{}&#8221;][et_pb_column type=&#8221;4_4&#8243; _builder_version=&#8221;4.16&#8243; custom_padding=&#8221;|||&#8221; global_colors_info=&#8221;{}&#8221; custom_padding__hover=&#8221;|||&#8221;][et_pb_wc_tabs include_tabs=&#8221;||&#8221; disabled_on=&#8221;on|on|on&#8221; _builder_version=&#8221;4.27.4&#8243; disabled=&#8221;on&#8221; global_colors_info=&#8221;{}&#8221;]\t\t\t\t\t[\/et_pb_wc_tabs][et_pb_wc_upsells _builder_version=&#8221;4.16&#8243; global_colors_info=&#8221;{}&#8221;][\/et_pb_wc_upsells][et_pb_wc_related_products _builder_version=&#8221;4.16&#8243; global_colors_info=&#8221;{}&#8221;][\/et_pb_wc_related_products][\/et_pb_column][\/et_pb_row][\/et_pb_section]<\/p>","protected":false},"excerpt":{"rendered":"<p>Oersted-Fr\u00e4ser zeichnen sich durch eine konstruierte Geometrie aus, die die schnelle und pr\u00e4zise Herstellung gratfreier L\u00f6cher in maschinell bearbeiteter Qualit\u00e4t erm\u00f6glicht und dabei weniger Leistung erfordert als herk\u00f6mmliche Spiralbohrer.<\/p>","protected":false},"featured_media":100450,"comment_status":"open","ping_status":"closed","template":"","meta":{"_et_pb_use_builder":"on","_et_pb_old_content":"","_et_gb_content_width":""},"product_brand":[],"product_cat":[56,463,462,48],"product_tag":[],"class_list":{"0":"post-100428","1":"product","2":"type-product","3":"status-publish","4":"has-post-thumbnail","6":"product_cat-carbide-tipped-rail-cutters","7":"product_cat-featured","8":"product_cat-hurricane-series","9":"product_cat-rail-cutters","11":"first","12":"instock","13":"featured","14":"shipping-taxable","15":"purchasable","16":"product-type-variable"},"yoast_head":"<!-- This site is optimized with the Yoast SEO plugin v26.3 - https:\/\/yoast.com\/wordpress\/plugins\/seo\/ -->\n<title>CARBIDE TIPPED RAIL CUTTERS - Oersted<\/title>\n<meta name=\"robots\" content=\"index, follow, max-snippet:-1, max-image-preview:large, max-video-preview:-1\" \/>\n<link rel=\"canonical\" href=\"https:\/\/oersted.eu\/de\/produkt\/carbide-tipped-rail-cutters\/\" \/>\n<meta property=\"og:locale\" content=\"de_DE\" \/>\n<meta property=\"og:type\" content=\"article\" \/>\n<meta property=\"og:title\" content=\"CARBIDE TIPPED RAIL CUTTERS - Oersted\" \/>\n<meta property=\"og:description\" content=\"Oersted Cutters feature engineered geometry, enabling machined quality, burr free holes, to be produced quickly, and accurately, while requiring less horsepower than conventional twist drills.\" \/>\n<meta property=\"og:url\" content=\"https:\/\/oersted.eu\/de\/produkt\/carbide-tipped-rail-cutters\/\" \/>\n<meta property=\"og:site_name\" content=\"Oersted\" \/>\n<meta property=\"article:modified_time\" content=\"2025-06-13T00:41:25+00:00\" \/>\n<meta property=\"og:image\" content=\"https:\/\/oersted.eu\/wp-content\/uploads\/2025\/02\/CARBIDE-TIPPED-RAIL-CUTTERS.jpg\" \/>\n\t<meta property=\"og:image:width\" content=\"1500\" \/>\n\t<meta property=\"og:image:height\" content=\"1500\" \/>\n\t<meta property=\"og:image:type\" content=\"image\/jpeg\" \/>\n<meta name=\"twitter:card\" content=\"summary_large_image\" \/>\n<meta name=\"twitter:label1\" content=\"Gesch\u00e4tzte Lesezeit\" \/>\n\t<meta name=\"twitter:data1\" content=\"2\u00a0Minuten\" \/>\n<script type=\"application\/ld+json\" class=\"yoast-schema-graph\">{\"@context\":\"https:\/\/schema.org\",\"@graph\":[{\"@type\":\"WebPage\",\"@id\":\"https:\/\/oersted.eu\/product\/carbide-tipped-rail-cutters\/\",\"url\":\"https:\/\/oersted.eu\/product\/carbide-tipped-rail-cutters\/\",\"name\":\"CARBIDE TIPPED RAIL CUTTERS - Oersted\",\"isPartOf\":{\"@id\":\"https:\/\/oersted.eu\/#website\"},\"primaryImageOfPage\":{\"@id\":\"https:\/\/oersted.eu\/product\/carbide-tipped-rail-cutters\/#primaryimage\"},\"image\":{\"@id\":\"https:\/\/oersted.eu\/product\/carbide-tipped-rail-cutters\/#primaryimage\"},\"thumbnailUrl\":\"https:\/\/oersted.eu\/wp-content\/uploads\/2025\/02\/CARBIDE-TIPPED-RAIL-CUTTERS.jpg\",\"datePublished\":\"2025-02-19T23:43:07+00:00\",\"dateModified\":\"2025-06-13T00:41:25+00:00\",\"breadcrumb\":{\"@id\":\"https:\/\/oersted.eu\/product\/carbide-tipped-rail-cutters\/#breadcrumb\"},\"inLanguage\":\"de\",\"potentialAction\":[{\"@type\":\"ReadAction\",\"target\":[\"https:\/\/oersted.eu\/product\/carbide-tipped-rail-cutters\/\"]}]},{\"@type\":\"ImageObject\",\"inLanguage\":\"de\",\"@id\":\"https:\/\/oersted.eu\/product\/carbide-tipped-rail-cutters\/#primaryimage\",\"url\":\"https:\/\/oersted.eu\/wp-content\/uploads\/2025\/02\/CARBIDE-TIPPED-RAIL-CUTTERS.jpg\",\"contentUrl\":\"https:\/\/oersted.eu\/wp-content\/uploads\/2025\/02\/CARBIDE-TIPPED-RAIL-CUTTERS.jpg\",\"width\":1500,\"height\":1500},{\"@type\":\"BreadcrumbList\",\"@id\":\"https:\/\/oersted.eu\/product\/carbide-tipped-rail-cutters\/#breadcrumb\",\"itemListElement\":[{\"@type\":\"ListItem\",\"position\":1,\"name\":\"Home\",\"item\":\"https:\/\/oersted.eu\/\"},{\"@type\":\"ListItem\",\"position\":2,\"name\":\"Shop All\",\"item\":\"https:\/\/oersted.eu\/shop-all\/\"},{\"@type\":\"ListItem\",\"position\":3,\"name\":\"CARBIDE TIPPED RAIL CUTTERS\"}]},{\"@type\":\"WebSite\",\"@id\":\"https:\/\/oersted.eu\/#website\",\"url\":\"https:\/\/oersted.eu\/\",\"name\":\"Oersted\",\"description\":\"Electro-Magnetic Hole Cutting\",\"publisher\":{\"@id\":\"https:\/\/oersted.eu\/#organization\"},\"potentialAction\":[{\"@type\":\"SearchAction\",\"target\":{\"@type\":\"EntryPoint\",\"urlTemplate\":\"https:\/\/oersted.eu\/?s={search_term_string}\"},\"query-input\":{\"@type\":\"PropertyValueSpecification\",\"valueRequired\":true,\"valueName\":\"search_term_string\"}}],\"inLanguage\":\"de\"},{\"@type\":\"Organization\",\"@id\":\"https:\/\/oersted.eu\/#organization\",\"name\":\"Oersted\",\"url\":\"https:\/\/oersted.eu\/\",\"logo\":{\"@type\":\"ImageObject\",\"inLanguage\":\"de\",\"@id\":\"https:\/\/oersted.eu\/#\/schema\/logo\/image\/\",\"url\":\"https:\/\/oersted.eu\/wp-content\/uploads\/2024\/09\/oersted1.svg\",\"contentUrl\":\"https:\/\/oersted.eu\/wp-content\/uploads\/2024\/09\/oersted1.svg\",\"width\":703,\"height\":105,\"caption\":\"Oersted\"},\"image\":{\"@id\":\"https:\/\/oersted.eu\/#\/schema\/logo\/image\/\"}}]}<\/script>\n<!-- \/ Yoast SEO plugin. -->","yoast_head_json":{"title":"CARBIDE TIPPED RAIL CUTTERS - Oersted","robots":{"index":"index","follow":"follow","max-snippet":"max-snippet:-1","max-image-preview":"max-image-preview:large","max-video-preview":"max-video-preview:-1"},"canonical":"https:\/\/oersted.eu\/de\/produkt\/carbide-tipped-rail-cutters\/","og_locale":"de_DE","og_type":"article","og_title":"CARBIDE TIPPED RAIL CUTTERS - Oersted","og_description":"Oersted Cutters feature engineered geometry, enabling machined quality, burr free holes, to be produced quickly, and accurately, while requiring less horsepower than conventional twist drills.","og_url":"https:\/\/oersted.eu\/de\/produkt\/carbide-tipped-rail-cutters\/","og_site_name":"Oersted","article_modified_time":"2025-06-13T00:41:25+00:00","og_image":[{"width":1500,"height":1500,"url":"https:\/\/oersted.eu\/wp-content\/uploads\/2025\/02\/CARBIDE-TIPPED-RAIL-CUTTERS.jpg","type":"image\/jpeg"}],"twitter_card":"summary_large_image","twitter_misc":{"Gesch\u00e4tzte Lesezeit":"2\u00a0Minuten"},"schema":{"@context":"https:\/\/schema.org","@graph":[{"@type":"WebPage","@id":"https:\/\/oersted.eu\/product\/carbide-tipped-rail-cutters\/","url":"https:\/\/oersted.eu\/product\/carbide-tipped-rail-cutters\/","name":"CARBIDE TIPPED RAIL CUTTERS - Oersted","isPartOf":{"@id":"https:\/\/oersted.eu\/#website"},"primaryImageOfPage":{"@id":"https:\/\/oersted.eu\/product\/carbide-tipped-rail-cutters\/#primaryimage"},"image":{"@id":"https:\/\/oersted.eu\/product\/carbide-tipped-rail-cutters\/#primaryimage"},"thumbnailUrl":"https:\/\/oersted.eu\/wp-content\/uploads\/2025\/02\/CARBIDE-TIPPED-RAIL-CUTTERS.jpg","datePublished":"2025-02-19T23:43:07+00:00","dateModified":"2025-06-13T00:41:25+00:00","breadcrumb":{"@id":"https:\/\/oersted.eu\/product\/carbide-tipped-rail-cutters\/#breadcrumb"},"inLanguage":"de","potentialAction":[{"@type":"ReadAction","target":["https:\/\/oersted.eu\/product\/carbide-tipped-rail-cutters\/"]}]},{"@type":"ImageObject","inLanguage":"de","@id":"https:\/\/oersted.eu\/product\/carbide-tipped-rail-cutters\/#primaryimage","url":"https:\/\/oersted.eu\/wp-content\/uploads\/2025\/02\/CARBIDE-TIPPED-RAIL-CUTTERS.jpg","contentUrl":"https:\/\/oersted.eu\/wp-content\/uploads\/2025\/02\/CARBIDE-TIPPED-RAIL-CUTTERS.jpg","width":1500,"height":1500},{"@type":"BreadcrumbList","@id":"https:\/\/oersted.eu\/product\/carbide-tipped-rail-cutters\/#breadcrumb","itemListElement":[{"@type":"ListItem","position":1,"name":"Home","item":"https:\/\/oersted.eu\/"},{"@type":"ListItem","position":2,"name":"Shop All","item":"https:\/\/oersted.eu\/shop-all\/"},{"@type":"ListItem","position":3,"name":"CARBIDE TIPPED RAIL CUTTERS"}]},{"@type":"WebSite","@id":"https:\/\/oersted.eu\/#website","url":"https:\/\/oersted.eu\/","name":"Oersted","description":"Elektromagnetisches Lochschneiden","publisher":{"@id":"https:\/\/oersted.eu\/#organization"},"potentialAction":[{"@type":"SearchAction","target":{"@type":"EntryPoint","urlTemplate":"https:\/\/oersted.eu\/?s={search_term_string}"},"query-input":{"@type":"PropertyValueSpecification","valueRequired":true,"valueName":"search_term_string"}}],"inLanguage":"de"},{"@type":"Organization","@id":"https:\/\/oersted.eu\/#organization","name":"Oersted","url":"https:\/\/oersted.eu\/","logo":{"@type":"ImageObject","inLanguage":"de","@id":"https:\/\/oersted.eu\/#\/schema\/logo\/image\/","url":"https:\/\/oersted.eu\/wp-content\/uploads\/2024\/09\/oersted1.svg","contentUrl":"https:\/\/oersted.eu\/wp-content\/uploads\/2024\/09\/oersted1.svg","width":703,"height":105,"caption":"Oersted"},"image":{"@id":"https:\/\/oersted.eu\/#\/schema\/logo\/image\/"}}]}},"_links":{"self":[{"href":"https:\/\/oersted.eu\/de\/wp-json\/wp\/v2\/product\/100428","targetHints":{"allow":["GET"]}}],"collection":[{"href":"https:\/\/oersted.eu\/de\/wp-json\/wp\/v2\/product"}],"about":[{"href":"https:\/\/oersted.eu\/de\/wp-json\/wp\/v2\/types\/product"}],"replies":[{"embeddable":true,"href":"https:\/\/oersted.eu\/de\/wp-json\/wp\/v2\/comments?post=100428"}],"wp:featuredmedia":[{"embeddable":true,"href":"https:\/\/oersted.eu\/de\/wp-json\/wp\/v2\/media\/100450"}],"wp:attachment":[{"href":"https:\/\/oersted.eu\/de\/wp-json\/wp\/v2\/media?parent=100428"}],"wp:term":[{"taxonomy":"product_brand","embeddable":true,"href":"https:\/\/oersted.eu\/de\/wp-json\/wp\/v2\/product_brand?post=100428"},{"taxonomy":"product_cat","embeddable":true,"href":"https:\/\/oersted.eu\/de\/wp-json\/wp\/v2\/product_cat?post=100428"},{"taxonomy":"product_tag","embeddable":true,"href":"https:\/\/oersted.eu\/de\/wp-json\/wp\/v2\/product_tag?post=100428"}],"curies":[{"name":"wp","href":"https:\/\/api.w.org\/{rel}","templated":true}]}}