{"id":102094,"date":"2025-02-24T23:53:12","date_gmt":"2025-02-24T23:53:12","guid":{"rendered":"https:\/\/oersted.eu\/?page_id=102094"},"modified":"2025-08-20T01:13:28","modified_gmt":"2025-08-20T01:13:28","slug":"shop-all","status":"publish","type":"page","link":"https:\/\/oersted.eu\/es\/shop-all\/","title":{"rendered":"Shop All"},"content":{"rendered":"<p>[et_pb_section fb_built=&#8221;1&#8243; _builder_version=&#8221;4.16&#8243; _module_preset=&#8221;default&#8221; locked=&#8221;off&#8221; global_colors_info=&#8221;{}&#8221;][et_pb_row _builder_version=&#8221;4.27.4&#8243; _module_preset=&#8221;default&#8221; width=&#8221;90%&#8221; max_width=&#8221;2560px&#8221; custom_padding=&#8221;||0px|||&#8221; locked=&#8221;off&#8221; global_colors_info=&#8221;{}&#8221;][et_pb_column type=&#8221;4_4&#8243; _builder_version=&#8221;4.16&#8243; _module_preset=&#8221;default&#8221; global_colors_info=&#8221;{}&#8221;][et_pb_text _builder_version=&#8221;4.27.4&#8243; _module_preset=&#8221;default&#8221; header_3_font=&#8221;|700|||||||&#8221; header_3_font_size=&#8221;28px&#8221; width=&#8221;28%&#8221; width_tablet=&#8221;50%&#8221; width_phone=&#8221;100%&#8221; width_last_edited=&#8221;on|tablet&#8221; custom_margin=&#8221;||0px||false|false&#8221; header_3_font_size_tablet=&#8221;&#8221; header_3_font_size_phone=&#8221;22px&#8221; header_3_font_size_last_edited=&#8221;on|phone&#8221; box_shadow_style=&#8221;preset1&#8243; box_shadow_horizontal=&#8221;180px&#8221; box_shadow_vertical=&#8221;-3px&#8221; box_shadow_blur=&#8221;0px&#8221; box_shadow_spread=&#8221;-18px&#8221; box_shadow_color=&#8221;rgba(255,128,87,0.31)&#8221; global_colors_info=&#8221;{}&#8221;]<\/p>\n<h3 style=\"text-align: left;\"><span style=\"color: #ff8057;\">Comercio<\/span> Nuestros productos<\/h3>\n<p>[\/et_pb_text][et_pb_text _builder_version=&#8221;4.27.4&#8243; header_font=&#8221;|700|||||||&#8221; header_font_size=&#8221;35px&#8221; width=&#8221;43%&#8221; width_tablet=&#8221;77%&#8221; width_phone=&#8221;100%&#8221; width_last_edited=&#8221;on|tablet&#8221; text_font_size_tablet=&#8221;&#8221; text_font_size_phone=&#8221;13px&#8221; text_font_size_last_edited=&#8221;on|phone&#8221; header_font_size_tablet=&#8221;&#8221; header_font_size_phone=&#8221;30px&#8221; header_font_size_last_edited=&#8221;on|phone&#8221; locked=&#8221;off&#8221; global_colors_info=&#8221;{}&#8221;]<\/p>\n<p><span>Las brocas Oersted cuentan con una geometr\u00eda dise\u00f1ada que permite producir orificios mecanizados de calidad y sin rebabas de manera r\u00e1pida y precisa, al tiempo que requieren menos potencia que las brocas helicoidales convencionales.<\/span><\/p>\n<p>[\/et_pb_text][et_pb_shop type=&#8221;featured&#8221; posts_number=&#8221;4&#8243; columns_number=&#8221;4&#8243; _builder_version=&#8221;4.27.4&#8243; _module_preset=&#8221;default&#8221; global_colors_info=&#8221;{}&#8221;][\/et_pb_shop][\/et_pb_column][\/et_pb_row][\/et_pb_section][et_pb_section fb_built=&#8221;1&#8243; custom_padding_last_edited=&#8221;on|phone&#8221; _builder_version=&#8221;4.27.0&#8243; _module_preset=&#8221;default&#8221; use_background_color_gradient=&#8221;on&#8221; background_color_gradient_direction=&#8221;150deg&#8221; background_color_gradient_stops=&#8221;#ced2d7 0%|#c1c3c9 100%&#8221; background_color_gradient_start=&#8221;#ff8057&#8243; background_color_gradient_end=&#8221;#ff5c26&#8243; background_enable_pattern_style=&#8221;on&#8221; background_pattern_color=&#8221;rgba(0,0,0,0.38)&#8221; background_pattern_size=&#8221;custom&#8221; background_pattern_width=&#8221;13px&#8221; background_pattern_blend_mode=&#8221;overlay&#8221; custom_padding=&#8221;||0px|||&#8221; custom_padding_tablet=&#8221;&#8221; custom_padding_phone=&#8221;20px||0px||false|false&#8221; locked=&#8221;off&#8221; global_colors_info=&#8221;{}&#8221;][et_pb_row column_structure=&#8221;1_2,1_2&#8243; make_equal=&#8221;on&#8221; custom_padding_last_edited=&#8221;on|desktop&#8221; _builder_version=&#8221;4.27.4&#8243; _module_preset=&#8221;default&#8221; width=&#8221;85%&#8221; max_width=&#8221;1300px&#8221; custom_padding=&#8221;||33px||false|false&#8221; custom_padding_tablet=&#8221;||68px||false|false&#8221; custom_padding_phone=&#8221;7px||0px||false|false&#8221; global_colors_info=&#8221;{}&#8221;][et_pb_column type=&#8221;1_2&#8243; _builder_version=&#8221;4.27.0&#8243; _module_preset=&#8221;default&#8221; custom_css_main_element=&#8221;width: 40% !important;&#8221; global_colors_info=&#8221;{}&#8221; custom_css_main_element_last_edited=&#8221;on|phone&#8221; custom_css_main_element_phone=&#8221;width: 100% !important;&#8221; custom_css_main_element_tablet=&#8221;width: 40% !important;&#8221;][et_pb_text _builder_version=&#8221;4.27.4&#8243; _module_preset=&#8221;default&#8221; text_text_color=&#8221;#FFFFFF&#8221; text_font_size=&#8221;30px&#8221; text_line_height=&#8221;1.6em&#8221; custom_margin=&#8221;||15px|||&#8221; text_font_size_tablet=&#8221;&#8221; text_font_size_phone=&#8221;14px&#8221; text_font_size_last_edited=&#8221;on|phone&#8221; global_colors_info=&#8221;{}&#8221;]<\/p>\n<p>Solicitar una cotizaci\u00f3n<\/p>\n<p>[\/et_pb_text][et_pb_text _builder_version=&#8221;4.27.4&#8243; _module_preset=&#8221;default&#8221; header_3_font=&#8221;|800|||||||&#8221; header_3_text_color=&#8221;#0071b0&#8243; header_3_font_size=&#8221;55px&#8221; header_3_line_height=&#8221;1.1em&#8221; custom_margin=&#8221;||5px||false|false&#8221; custom_margin_tablet=&#8221;||5px||false|false&#8221; custom_margin_phone=&#8221;||-1px||false|false&#8221; custom_margin_last_edited=&#8221;on|phone&#8221; custom_padding=&#8221;||13px|||&#8221; header_3_font_size_tablet=&#8221;&#8221; header_3_font_size_phone=&#8221;29px&#8221; header_3_font_size_last_edited=&#8221;on|phone&#8221; header_3_line_height_tablet=&#8221;1.1em&#8221; header_3_line_height_phone=&#8221;0.8em&#8221; header_3_line_height_last_edited=&#8221;on|phone&#8221; global_colors_info=&#8221;{}&#8221;]<\/p>\n<h3>TALADROS MAGN\u00c9TICOS<\/h3>\n<h3>CORTADORES<\/h3>\n<h3>RAIL DRILLS<\/h3>\n<p>[\/et_pb_text][et_pb_button button_url=&#8221;https:\/\/oersted.eu\/#hercules-series&#8221; button_text=&#8221;Hercules Series&#8221; _builder_version=&#8221;4.27.4&#8243; _module_preset=&#8221;8e8220fd-e972-468b-9dfb-e43ff5367d3a&#8221; custom_margin=&#8221;-5px|15px|||false|false&#8221; custom_padding=&#8221;10px|80px|10px|70px|true|false&#8221; custom_padding_tablet=&#8221;|55px||40px|true|false&#8221; custom_padding_phone=&#8221;|40px||25px|true|false&#8221; custom_padding_last_edited=&#8221;on|phone&#8221; global_colors_info=&#8221;{}&#8221; transform_styles__hover_enabled=&#8221;on|desktop&#8221; transform_scale__hover_enabled=&#8221;on|desktop&#8221;][\/et_pb_button][et_pb_button button_url=&#8221;https:\/\/oersted.eu\/#hurricane-series&#8221; button_text=&#8221;Hurricane Series&#8221; _builder_version=&#8221;4.27.4&#8243; _module_preset=&#8221;8e8220fd-e972-468b-9dfb-e43ff5367d3a&#8221; custom_margin=&#8221;-5px|15px|||false|false&#8221; custom_padding=&#8221;10px|80px|10px|66px|true|false&#8221; custom_padding_tablet=&#8221;|55px||40px|true|false&#8221; custom_padding_phone=&#8221;|40px||25px|true|false&#8221; custom_padding_last_edited=&#8221;on|phone&#8221; global_colors_info=&#8221;{}&#8221; transform_styles__hover_enabled=&#8221;on|desktop&#8221; transform_scale__hover_enabled=&#8221;on|desktop&#8221;][\/et_pb_button][et_pb_button button_url=&#8221;https:\/\/oersted.eu\/product\/rail-drill\/&#8221; button_text=&#8221;RAIL DRILLS&#8221; _builder_version=&#8221;4.27.4&#8243; _module_preset=&#8221;8e8220fd-e972-468b-9dfb-e43ff5367d3a&#8221; custom_margin=&#8221;-5px|15px|||false|false&#8221; custom_padding=&#8221;10px|125px|10px|66px|true|false&#8221; custom_padding_tablet=&#8221;|96px||40px|true|false&#8221; custom_padding_phone=&#8221;|85px||25px|true|false&#8221; custom_padding_last_edited=&#8221;on|phone&#8221; hover_enabled=&#8221;0&#8243; global_colors_info=&#8221;{}&#8221; transform_styles__hover_enabled=&#8221;on|desktop&#8221; transform_scale__hover_enabled=&#8221;on|desktop&#8221; sticky_enabled=&#8221;0&#8243;][\/et_pb_button][\/et_pb_column][et_pb_column type=&#8221;1_2&#8243; _builder_version=&#8221;4.27.4&#8243; _module_preset=&#8221;default&#8221; background_enable_color=&#8221;off&#8221; background_enable_image=&#8221;off&#8221; background_size=&#8221;initial&#8221; background_position=&#8221;top_right&#8221; custom_css_main_element=&#8221;width: 54% !important;&#8221; global_colors_info=&#8221;{}&#8221; custom_css_main_element_last_edited=&#8221;on|tablet&#8221; custom_css_main_element_phone=&#8221;width: 100% !important;&#8221; custom_css_main_element_tablet=&#8221;width: 54% !important;&#8221;][et_pb_image src=&#8221;https:\/\/oersted.eu\/wp-content\/uploads\/2025\/02\/AA0a.png&#8221; title_text=&#8221;AA0a&#8221; admin_label=&#8221;Image&#8221; _builder_version=&#8221;4.27.4&#8243; _module_preset=&#8221;default&#8221; custom_margin=&#8221;1px|||||&#8221; global_colors_info=&#8221;{}&#8221;][\/et_pb_image][et_pb_image src=&#8221;https:\/\/oersted.eu\/wp-content\/uploads\/2025\/03\/become-a-distributor-1.svg&#8221; title_text=&#8221;become-a-distributor&#8221; url=&#8221;\/distributor&#8221; align=&#8221;center&#8221; disabled_on=&#8221;on|off|off&#8221; _builder_version=&#8221;4.27.4&#8243; _module_preset=&#8221;default&#8221; positioning=&#8221;absolute&#8221; position_origin_a=&#8221;top_right&#8221; position_origin_r=&#8221;top_right&#8221; vertical_offset=&#8221;25px&#8221; horizontal_offset=&#8221;-169px&#8221; width=&#8221;100%&#8221; animation_style=&#8221;roll&#8221; global_colors_info=&#8221;{}&#8221; transform_styles__hover_enabled=&#8221;on|hover&#8221; transform_scale__hover_enabled=&#8221;on|hover&#8221; transform_translate__hover_enabled=&#8221;on|hover&#8221; transform_rotate__hover_enabled=&#8221;on|desktop&#8221; transform_skew__hover_enabled=&#8221;on|desktop&#8221; transform_origin__hover_enabled=&#8221;on|desktop&#8221; transform_scale__hover=&#8221;130%|130%&#8221;][\/et_pb_image][\/et_pb_column][\/et_pb_row][\/et_pb_section]<\/p>","protected":false},"excerpt":{"rendered":"<p>Shop Our ProductsOersted Cutters feature engineered geometry, enabling machined quality, burr free holes, to be produced quickly, and accurately, while requiring less horsepower than conventional twist drills.Request A QuoteMAGNETIC DRILLS CUTTERS RAIL DRILLS<\/p>","protected":false},"author":1,"featured_media":0,"parent":0,"menu_order":0,"comment_status":"closed","ping_status":"closed","template":"","meta":{"_et_pb_use_builder":"on","_et_pb_old_content":"","_et_gb_content_width":"","footnotes":""},"class_list":["post-102094","page","type-page","status-publish","hentry"],"yoast_head":"<!-- This site is optimized with the Yoast SEO plugin v26.3 - https:\/\/yoast.com\/wordpress\/plugins\/seo\/ -->\n<title>Shop All - Oersted<\/title>\n<meta name=\"robots\" content=\"index, follow, max-snippet:-1, max-image-preview:large, max-video-preview:-1\" \/>\n<link rel=\"canonical\" href=\"https:\/\/oersted.eu\/es\/shop-all\/\" \/>\n<meta property=\"og:locale\" content=\"es_ES\" \/>\n<meta property=\"og:type\" content=\"article\" \/>\n<meta property=\"og:title\" content=\"Shop All - Oersted\" \/>\n<meta property=\"og:description\" content=\"Shop Our ProductsOersted Cutters feature engineered geometry, enabling machined quality, burr free holes, to be produced quickly, and accurately, while requiring less horsepower than conventional twist drills.Request A QuoteMAGNETIC DRILLS CUTTERS RAIL DRILLS\" \/>\n<meta property=\"og:url\" content=\"https:\/\/oersted.eu\/es\/shop-all\/\" \/>\n<meta property=\"og:site_name\" content=\"Oersted\" \/>\n<meta property=\"article:modified_time\" content=\"2025-08-20T01:13:28+00:00\" \/>\n<meta name=\"twitter:card\" content=\"summary_large_image\" \/>\n<meta name=\"twitter:label1\" content=\"Tiempo de lectura\" \/>\n\t<meta name=\"twitter:data1\" content=\"5 minutos\" \/>\n<script type=\"application\/ld+json\" class=\"yoast-schema-graph\">{\"@context\":\"https:\/\/schema.org\",\"@graph\":[{\"@type\":\"WebPage\",\"@id\":\"https:\/\/oersted.eu\/shop-all\/\",\"url\":\"https:\/\/oersted.eu\/shop-all\/\",\"name\":\"Shop All - Oersted\",\"isPartOf\":{\"@id\":\"https:\/\/oersted.eu\/#website\"},\"datePublished\":\"2025-02-24T23:53:12+00:00\",\"dateModified\":\"2025-08-20T01:13:28+00:00\",\"breadcrumb\":{\"@id\":\"https:\/\/oersted.eu\/shop-all\/#breadcrumb\"},\"inLanguage\":\"es\",\"potentialAction\":[{\"@type\":\"ReadAction\",\"target\":[\"https:\/\/oersted.eu\/shop-all\/\"]}]},{\"@type\":\"BreadcrumbList\",\"@id\":\"https:\/\/oersted.eu\/shop-all\/#breadcrumb\",\"itemListElement\":[{\"@type\":\"ListItem\",\"position\":1,\"name\":\"Home\",\"item\":\"https:\/\/oersted.eu\/\"},{\"@type\":\"ListItem\",\"position\":2,\"name\":\"Shop All\"}]},{\"@type\":\"WebSite\",\"@id\":\"https:\/\/oersted.eu\/#website\",\"url\":\"https:\/\/oersted.eu\/\",\"name\":\"Oersted\",\"description\":\"Electro-Magnetic Hole Cutting\",\"publisher\":{\"@id\":\"https:\/\/oersted.eu\/#organization\"},\"potentialAction\":[{\"@type\":\"SearchAction\",\"target\":{\"@type\":\"EntryPoint\",\"urlTemplate\":\"https:\/\/oersted.eu\/?s={search_term_string}\"},\"query-input\":{\"@type\":\"PropertyValueSpecification\",\"valueRequired\":true,\"valueName\":\"search_term_string\"}}],\"inLanguage\":\"es\"},{\"@type\":\"Organization\",\"@id\":\"https:\/\/oersted.eu\/#organization\",\"name\":\"Oersted\",\"url\":\"https:\/\/oersted.eu\/\",\"logo\":{\"@type\":\"ImageObject\",\"inLanguage\":\"es\",\"@id\":\"https:\/\/oersted.eu\/#\/schema\/logo\/image\/\",\"url\":\"https:\/\/oersted.eu\/wp-content\/uploads\/2024\/09\/oersted1.svg\",\"contentUrl\":\"https:\/\/oersted.eu\/wp-content\/uploads\/2024\/09\/oersted1.svg\",\"width\":703,\"height\":105,\"caption\":\"Oersted\"},\"image\":{\"@id\":\"https:\/\/oersted.eu\/#\/schema\/logo\/image\/\"}}]}<\/script>\n<!-- \/ Yoast SEO plugin. -->","yoast_head_json":{"title":"Shop All - Oersted","robots":{"index":"index","follow":"follow","max-snippet":"max-snippet:-1","max-image-preview":"max-image-preview:large","max-video-preview":"max-video-preview:-1"},"canonical":"https:\/\/oersted.eu\/es\/shop-all\/","og_locale":"es_ES","og_type":"article","og_title":"Shop All - Oersted","og_description":"Shop Our ProductsOersted Cutters feature engineered geometry, enabling machined quality, burr free holes, to be produced quickly, and accurately, while requiring less horsepower than conventional twist drills.Request A QuoteMAGNETIC DRILLS CUTTERS RAIL DRILLS","og_url":"https:\/\/oersted.eu\/es\/shop-all\/","og_site_name":"Oersted","article_modified_time":"2025-08-20T01:13:28+00:00","twitter_card":"summary_large_image","twitter_misc":{"Tiempo de lectura":"5 minutos"},"schema":{"@context":"https:\/\/schema.org","@graph":[{"@type":"WebPage","@id":"https:\/\/oersted.eu\/shop-all\/","url":"https:\/\/oersted.eu\/shop-all\/","name":"Shop All - Oersted","isPartOf":{"@id":"https:\/\/oersted.eu\/#website"},"datePublished":"2025-02-24T23:53:12+00:00","dateModified":"2025-08-20T01:13:28+00:00","breadcrumb":{"@id":"https:\/\/oersted.eu\/shop-all\/#breadcrumb"},"inLanguage":"es","potentialAction":[{"@type":"ReadAction","target":["https:\/\/oersted.eu\/shop-all\/"]}]},{"@type":"BreadcrumbList","@id":"https:\/\/oersted.eu\/shop-all\/#breadcrumb","itemListElement":[{"@type":"ListItem","position":1,"name":"Home","item":"https:\/\/oersted.eu\/"},{"@type":"ListItem","position":2,"name":"Shop All"}]},{"@type":"WebSite","@id":"https:\/\/oersted.eu\/#website","url":"https:\/\/oersted.eu\/","name":"Oersted","description":"Corte de agujeros electromagn\u00e9tico","publisher":{"@id":"https:\/\/oersted.eu\/#organization"},"potentialAction":[{"@type":"SearchAction","target":{"@type":"EntryPoint","urlTemplate":"https:\/\/oersted.eu\/?s={search_term_string}"},"query-input":{"@type":"PropertyValueSpecification","valueRequired":true,"valueName":"search_term_string"}}],"inLanguage":"es"},{"@type":"Organization","@id":"https:\/\/oersted.eu\/#organization","name":"Oersted","url":"https:\/\/oersted.eu\/","logo":{"@type":"ImageObject","inLanguage":"es","@id":"https:\/\/oersted.eu\/#\/schema\/logo\/image\/","url":"https:\/\/oersted.eu\/wp-content\/uploads\/2024\/09\/oersted1.svg","contentUrl":"https:\/\/oersted.eu\/wp-content\/uploads\/2024\/09\/oersted1.svg","width":703,"height":105,"caption":"Oersted"},"image":{"@id":"https:\/\/oersted.eu\/#\/schema\/logo\/image\/"}}]}},"_links":{"self":[{"href":"https:\/\/oersted.eu\/es\/wp-json\/wp\/v2\/pages\/102094","targetHints":{"allow":["GET"]}}],"collection":[{"href":"https:\/\/oersted.eu\/es\/wp-json\/wp\/v2\/pages"}],"about":[{"href":"https:\/\/oersted.eu\/es\/wp-json\/wp\/v2\/types\/page"}],"author":[{"embeddable":true,"href":"https:\/\/oersted.eu\/es\/wp-json\/wp\/v2\/users\/1"}],"replies":[{"embeddable":true,"href":"https:\/\/oersted.eu\/es\/wp-json\/wp\/v2\/comments?post=102094"}],"version-history":[{"count":7,"href":"https:\/\/oersted.eu\/es\/wp-json\/wp\/v2\/pages\/102094\/revisions"}],"predecessor-version":[{"id":103450,"href":"https:\/\/oersted.eu\/es\/wp-json\/wp\/v2\/pages\/102094\/revisions\/103450"}],"wp:attachment":[{"href":"https:\/\/oersted.eu\/es\/wp-json\/wp\/v2\/media?parent=102094"}],"curies":[{"name":"wp","href":"https:\/\/api.w.org\/{rel}","templated":true}]}}